{"id":68,"date":"2019-07-06T09:58:27","date_gmt":"2019-07-06T06:58:27","guid":{"rendered":"http:\/\/sackaynakmerkezi.net\/?page_id=68"},"modified":"2019-08-31T16:49:09","modified_gmt":"2019-08-31T13:49:09","slug":"sac-kaynak-kursu","status":"publish","type":"page","link":"http:\/\/sackaynakmerkezi.net\/index.php\/sac-kaynak-kursu\/","title":{"rendered":"Sa\u00e7 Kaynak Kursu"},"content":{"rendered":"\n<h4 class=\"wp-block-heading\">Sa\u00e7 Kaynak Kursu<\/h4>\n\n\n\n<p>G\u00fcn\u00fcm\u00fczde Sa\u00e7 kaynak E\u011fitimi \u00fczerine \u00e7ok fazla E\u011fitim sistemi maalesef bulunmamaktad\u0131r. Durum b\u00f6yle olunca \u00e7o\u011fu Kuaf\u00f6r Salonunda \u00e7al\u0131\u015fan meslekta\u015flar\u0131m\u0131z sa\u011fdan soldan g\u00f6rme bilgilerle hareket ederek Sa\u00e7 kaynak yapmaya \u00e7al\u0131\u015fmaktad\u0131rlar. Do\u011fal olarak Bunlarda k\u00f6t\u00fc sonu\u00e7lar do\u011furmakta.<\/p>\n\n\n\n<p>En basit sistem olan boncuk kaynak bile do\u011fru yap\u0131lmad\u0131\u011f\u0131 takdirde sa\u00e7a yani insan sa\u011fl\u0131\u011f\u0131na a\u015f\u0131r\u0131 derecede zarar vermektedir. Bunun haricinde biraz riskli bir uygulama olan Keratin kaynak ve Son sitem Mikro Sa\u00e7 kaynak teknikleri daha fazla bilgi ve pratik gerektiren uygulamalard\u0131r.<br>Biz Sach Sa\u00e7 Kaynak merkezi olarak insanlar\u0131n ma\u011fdur olmamas\u0131 ad\u0131na ve daha bilin\u00e7li i\u015flerin yap\u0131lmas\u0131 ad\u0131na Sa\u00e7 Kaynak Kurslar\u0131 veriyoruz.<br>En son g\u00f6r\u00fc\u015fmeye gelen ve \u0130ran da Salonlar\u0131 olan Kauf\u00f6rler uygulamal\u0131 ve teorik olarak bizden Sa\u00e7 Kaynak E\u011fitimi ald\u0131lar.<\/p>\n\n\n\n<h2 class=\"wp-block-heading\">Sa\u00e7 Kaynak E\u011fitimi Program<\/h2>\n\n\n\n<ul class=\"wp-block-list\"><li>Ger\u00e7ek Sa\u00e7 ve Yap\u0131s\u0131<\/li><li>Piyasada bulunan Sa\u00e7 T\u00fcrleri<\/li><li>Sa\u00e7 Kaynak T\u00fcrleri<\/li><li>Boncuk Sa\u00e7 Kaynak<\/li><li>Keratin Sa\u00e7 Kaynak<\/li><li>Mikro Sa\u00e7 Kaynak<\/li><li>Mikro Bant sa\u00e7 Kaynak<\/li><li>Kelebek Bant Sa\u00e7 Kaynak<\/li><li>Sa\u00e7 Kaynak Uygulamalar\u0131 ( Model \u00fczerinde )<\/li><li>Sa\u00e7 Kaynak sonras\u0131 adaptasyon Kesimi<\/li><\/ul>\n","protected":false},"excerpt":{"rendered":"<p>Sa\u00e7 Kaynak Kursu G\u00fcn\u00fcm\u00fczde Sa\u00e7 kaynak E\u011fitimi \u00fczerine \u00e7ok fazla E\u011fitim sistemi maalesef bulunmamaktad\u0131r. Durum b\u00f6yle olunca \u00e7o\u011fu Kuaf\u00f6r Salonunda \u00e7al\u0131\u015fan meslekta\u015flar\u0131m\u0131z sa\u011fdan soldan g\u00f6rme bilgilerle hareket ederek Sa\u00e7 kaynak yapmaya \u00e7al\u0131\u015fmaktad\u0131rlar. Do\u011fal olarak Bunlarda k\u00f6t\u00fc sonu\u00e7lar do\u011furmakta. En basit sistem olan boncuk kaynak bile do\u011fru yap\u0131lmad\u0131\u011f\u0131<\/p>\n","protected":false},"author":1,"featured_media":0,"parent":0,"menu_order":0,"comment_status":"closed","ping_status":"closed","template":"","meta":{"footnotes":""},"tags":[26,28,27,19,15,33,31,32,30,18,17,29,20,12,35,43,21,42,4,44,3,36],"class_list":["post-68","page","type-page","status-publish","hentry","tag-bant-kaynak","tag-bant-sac-kaynagi","tag-bant-sac-kaynak","tag-boncuk-kaynak","tag-boncuk-sac-kaynak","tag-kelebek-bant-kaynak","tag-kelebek-bant-sac-kaynak","tag-kelebek-kaynak","tag-kelebek-sac-kaynak","tag-keratin-kaynak","tag-keratin-sac-kaynak","tag-mikro-bant-sac-kaynak","tag-mikro-kaynak","tag-mikro-sac-kaynak","tag-sac-kaynak","tag-sac-kaynak-egitimi","tag-sac-kaynak-istanbul","tag-sac-kaynak-kursu","tag-sac-kaynak-merkezi","tag-sac-kaynak-turleri","tag-sach","tag-sach-sac-kaynak-merkezi"],"aioseo_notices":[],"_links":{"self":[{"href":"http:\/\/sackaynakmerkezi.net\/index.php\/wp-json\/wp\/v2\/pages\/68","targetHints":{"allow":["GET"]}}],"collection":[{"href":"http:\/\/sackaynakmerkezi.net\/index.php\/wp-json\/wp\/v2\/pages"}],"about":[{"href":"http:\/\/sackaynakmerkezi.net\/index.php\/wp-json\/wp\/v2\/types\/page"}],"author":[{"embeddable":true,"href":"http:\/\/sackaynakmerkezi.net\/index.php\/wp-json\/wp\/v2\/users\/1"}],"replies":[{"embeddable":true,"href":"http:\/\/sackaynakmerkezi.net\/index.php\/wp-json\/wp\/v2\/comments?post=68"}],"version-history":[{"count":2,"href":"http:\/\/sackaynakmerkezi.net\/index.php\/wp-json\/wp\/v2\/pages\/68\/revisions"}],"predecessor-version":[{"id":104,"href":"http:\/\/sackaynakmerkezi.net\/index.php\/wp-json\/wp\/v2\/pages\/68\/revisions\/104"}],"wp:attachment":[{"href":"http:\/\/sackaynakmerkezi.net\/index.php\/wp-json\/wp\/v2\/media?parent=68"}],"wp:term":[{"taxonomy":"post_tag","embeddable":true,"href":"http:\/\/sackaynakmerkezi.net\/index.php\/wp-json\/wp\/v2\/tags?post=68"}],"curies":[{"name":"wp","href":"https:\/\/api.w.org\/{rel}","templated":true}]}}