{"id":48,"date":"2019-07-06T09:51:56","date_gmt":"2019-07-06T06:51:56","guid":{"rendered":"http:\/\/sackaynakmerkezi.net\/?page_id=48"},"modified":"2019-08-31T15:47:54","modified_gmt":"2019-08-31T12:47:54","slug":"mikro-kapsul-sac-kaynak","status":"publish","type":"page","link":"http:\/\/sackaynakmerkezi.net\/index.php\/mikro-kapsul-sac-kaynak\/","title":{"rendered":"Mikro Kaps\u00fcl Sa\u00e7 Kaynak"},"content":{"rendered":"\n<h4 class=\"wp-block-heading\">Mikro Kaps\u00fcl Sa\u00e7 Kaynak<\/h4>\n\n\n\n<div class=\"wp-block-image\"><figure class=\"alignleft\"><img loading=\"lazy\" decoding=\"async\" width=\"300\" height=\"211\" src=\"http:\/\/sackaynakmerkezi.net\/wp-content\/uploads\/2019\/07\/K\u0131sa-Sac\u0327a-Kaynak-O\u0308ncesi-ve-Sonras\u0131-300x211.jpg\" alt=\"\" class=\"wp-image-49\" srcset=\"http:\/\/sackaynakmerkezi.net\/wp-content\/uploads\/2019\/07\/K\u0131sa-Sac\u0327a-Kaynak-O\u0308ncesi-ve-Sonras\u0131-300x211.jpg 300w, http:\/\/sackaynakmerkezi.net\/wp-content\/uploads\/2019\/07\/K\u0131sa-Sac\u0327a-Kaynak-O\u0308ncesi-ve-Sonras\u0131-768x541.jpg 768w, http:\/\/sackaynakmerkezi.net\/wp-content\/uploads\/2019\/07\/K\u0131sa-Sac\u0327a-Kaynak-O\u0308ncesi-ve-Sonras\u0131-1024x722.jpg 1024w\" sizes=\"auto, (max-width: 300px) 100vw, 300px\" \/><figcaption>k\u0131sa-sa\u00e7a-kaynak<\/figcaption><\/figure><\/div>\n\n\n\n<p>Mikro kaps\u00fcl sa\u00e7 kaynak \u00f6zellikle ince telli zay\u0131f sa\u00e7larda tercih edilmesi gereken en iyi sa\u00e7 kaynak y\u00f6ntemlerinden birisidir. Mikro Sa\u00e7 Kaynak uygulamalar\u0131 i\u00e7inde sa\u00e7ta \u00e7ok ince daha anla\u015f\u0131labilir bir benzetme ile sadece k\u00fcrdan kal\u0131nl\u0131\u011f\u0131nda ek yerine sahip olan bir sa\u00e7 uzatma sitemi olan mikro kaps\u00fcl sa\u00e7 kaynak sa\u00e7lar\u0131n \u00f6n b\u00f6l\u00fcmlerinde bile yap\u0131labilen \u00f6zel bir sa\u00e7 kaynak y\u00f6ntemidir.<\/p>\n\n\n\n<p>\u00d6zellikle k\u0131sa sa\u00e7a sahip olan ki\u015filerin sa\u00e7lar\u0131n\u0131z uzatmak i\u00e7in  tercih edebilece\u011fi sa\u00e7lara zarar vermeyen sorunsuz bir sa\u00e7 kaynak y\u00f6ntemidir. Mikro kaps\u00fcl sa\u00e7 kaynak sadece 2mm hacme sahip olan transparan kaps\u00fcller ile sa\u00e7a \u00f6zel tasar\u0131ma sahip uca sahip mikro kaps\u00fcl sa\u00e7 kaynak makinesi ile yap\u0131labilmektedir.<\/p>\n\n\n\n<p>Mikro kaps\u00fcl sa\u00e7 kaynak uygulamas\u0131 esnas\u0131nda kullna\u0131lan transpran kaps\u00fcller sa\u00e7ta g\u00f6r\u00fcnmedi\u011fi i\u00e7in en k\u0131sa sa\u00e7larda bile rahatl\u0131kla yap\u0131labilmektedir. Mikro kaps\u00fcl sa\u00e7 kaynak sa\u00e7ta 4 ata ila 7 ay aras\u0131nda sa\u00e7\u0131n\u0131z\u0131n uzama h\u0131z\u0131na ba\u011fl\u0131 rahatl\u0131kla kullan\u0131lmaktad\u0131r.<\/p>\n\n\n\n<p>En \u0130yi Sa\u00e7 Kaynak Y\u00f6ntemlerinden birisi olmaya aday mikro kaps\u00fcl sa\u00e7 kaynak sa\u00e7ta kullan\u0131m esnas\u0131nda boncuk kaynak ta oldu\u011fu gibi sa\u00e7  diplerinde belirgin ek yerleri olmadan sa\u00e7ta mikro \u00f6l\u00e7\u00fclerde sa\u00e7 kaynak yapmay\u0131 m\u00fcmk\u00fcn k\u0131lar.<br>Mikro Kaps\u00fcl Sa\u00e7 Kaynak Hangi Tip Sa\u00e7lar \u0130\u00e7in Uygundur?<\/p>\n\n\n\n<p>Mikro kaps\u00fcl sa\u00e7 kaynak her t\u00fcrl\u00fc sa\u00e7larda kullan\u0131lmaktad\u0131r. \u00d6zellikle sa\u00e7lar\u0131 ince telli zay\u0131f sa\u00e7lar i\u00e7in ideal olan bir sa\u00e7 kaynak y\u00f6ntemi olarak tercih edilmelidir. T\u00fcrkiye\u2019de mikro kaps\u00fcl sa\u00e7 kaynak uygu\u0131lamas\u0131 Sa\u00e7 Kaynak Uzman\u0131 Murat Koluk\u0131r\u0131k taraf\u0131ndan yap\u0131lmaktad\u0131r. Mikro kaps\u00fcl ad\u0131 alt\u0131nda yap\u0131lan sa\u00e7 kaynaklar\u0131 ile ile orjinal mikro sa\u00e7 kaynak aras\u0131nda hi\u00e7 bir benzerlik yoktur.<\/p>\n","protected":false},"excerpt":{"rendered":"<p>Mikro Kaps\u00fcl Sa\u00e7 Kaynak Mikro kaps\u00fcl sa\u00e7 kaynak \u00f6zellikle ince telli zay\u0131f sa\u00e7larda tercih edilmesi gereken en iyi sa\u00e7 kaynak y\u00f6ntemlerinden birisidir. Mikro Sa\u00e7 Kaynak uygulamalar\u0131 i\u00e7inde sa\u00e7ta \u00e7ok ince daha anla\u015f\u0131labilir bir benzetme ile sadece k\u00fcrdan kal\u0131nl\u0131\u011f\u0131nda ek yerine sahip olan bir sa\u00e7 uzatma sitemi olan<\/p>\n","protected":false},"author":1,"featured_media":0,"parent":0,"menu_order":0,"comment_status":"closed","ping_status":"closed","template":"","meta":{"footnotes":""},"tags":[17,5,14,20,12,9,8,7,11,21,4,10,3],"class_list":["post-48","page","type-page","status-publish","hentry","tag-keratin-sac-kaynak","tag-kisa-saca-kaynak","tag-mikro-kapsul-sac-kaynak","tag-mikro-kaynak","tag-mikro-sac-kaynak","tag-nano-kaynak","tag-nano-sac-kaynak","tag-nanofilament-sac-kaynak","tag-sac-gurlestirme","tag-sac-kaynak-istanbul","tag-sac-kaynak-merkezi","tag-sac-uzatma","tag-sach"],"aioseo_notices":[],"_links":{"self":[{"href":"http:\/\/sackaynakmerkezi.net\/index.php\/wp-json\/wp\/v2\/pages\/48","targetHints":{"allow":["GET"]}}],"collection":[{"href":"http:\/\/sackaynakmerkezi.net\/index.php\/wp-json\/wp\/v2\/pages"}],"about":[{"href":"http:\/\/sackaynakmerkezi.net\/index.php\/wp-json\/wp\/v2\/types\/page"}],"author":[{"embeddable":true,"href":"http:\/\/sackaynakmerkezi.net\/index.php\/wp-json\/wp\/v2\/users\/1"}],"replies":[{"embeddable":true,"href":"http:\/\/sackaynakmerkezi.net\/index.php\/wp-json\/wp\/v2\/comments?post=48"}],"version-history":[{"count":2,"href":"http:\/\/sackaynakmerkezi.net\/index.php\/wp-json\/wp\/v2\/pages\/48\/revisions"}],"predecessor-version":[{"id":94,"href":"http:\/\/sackaynakmerkezi.net\/index.php\/wp-json\/wp\/v2\/pages\/48\/revisions\/94"}],"wp:attachment":[{"href":"http:\/\/sackaynakmerkezi.net\/index.php\/wp-json\/wp\/v2\/media?parent=48"}],"wp:term":[{"taxonomy":"post_tag","embeddable":true,"href":"http:\/\/sackaynakmerkezi.net\/index.php\/wp-json\/wp\/v2\/tags?post=48"}],"curies":[{"name":"wp","href":"https:\/\/api.w.org\/{rel}","templated":true}]}}