{"id":45,"date":"2019-07-06T09:49:48","date_gmt":"2019-07-06T06:49:48","guid":{"rendered":"http:\/\/sackaynakmerkezi.net\/?page_id=45"},"modified":"2019-08-31T16:24:42","modified_gmt":"2019-08-31T13:24:42","slug":"mikro-sac-kaynak","status":"publish","type":"page","link":"http:\/\/sackaynakmerkezi.net\/index.php\/mikro-sac-kaynak\/","title":{"rendered":"Mikro Sa\u00e7 Kaynak"},"content":{"rendered":"\n<p><strong>Mikro Sa\u00e7 Kaynak<\/strong> uygulamalamas\u0131 sa\u00e7 kaynaklar\u0131 i\u00e7erisinde en rahat kullan\u0131m\u0131 olan, en sa\u011fl\u0131kl\u0131 ve kullan\u0131\u015fl\u0131 \u00e7ok k\u0131sa sa\u00e7lara dahi uygulanabilen en iyi kaynak y\u00f6\u00e7ntemidir. Elbette do\u011fru sa\u00e7 kaynak merkezinde sertifikal\u0131 uzmanlar taraf\u0131ndan yap\u0131ld\u0131\u011f\u0131 takdirde.<\/p>\n\n\n\n<p>Mikro sa\u00e7 kaynak uygulamalar\u0131 kendi i\u00e7inde 3 farkl\u0131 gruba ayr\u0131l\u0131r;<\/p>\n\n\n\n<ul class=\"wp-block-list\"><li>\nMikro Kaps\u00fcl Sa\u00e7 Kaynak\n<\/li><li>\nMikro Bant Sa\u00e7 Kaynak\n<\/li><li>\nMikro Kaynak Extend Magic\n<\/li><\/ul>\n\n\n\n<p>D\u00fcnyadaki en son sistem sa\u00e7 kayna\u011f\u0131 <strong>Nanofilament \u00ae Sa\u00e7 Kayna\u011f\u0131d\u0131r.<\/strong> Nanofilamet \u00ae sistem sa\u00e7larda k\u00fcrdan ucundan daha ince bir \u015fekilde uygulanmakta olan sa\u00e7ta kesinlikle belli olmayan nano teklnoloji kullan\u0131larak haz\u0131rlanm\u0131\u015f olan \u00e7ok \u00f6zel yap\u0131\u015ft\u0131r\u0131c\u0131s\u0131 sayesinde 3 \u2013 4 ay boyunca rahat bir kullna\u0131m sa\u011flar.<\/p>\n\n\n\n<p>Mikro kaps\u00fcl sa\u00e7 kaynak k\u00fcrdan inceli\u011finde uygulanan ve her t\u00fcr sa\u00e7a uygun sa\u00e7ta kesinlikle g\u00f6r\u00fcnmeyen en \u00e7ok tercih edilen kaynak sistemidir.<\/p>\n\n\n\n<p>Extend Magic Mikro Sa\u00e7 Kayna\u011f\u0131 ve Nanofilament\u00a0\u00ae Kaynak sa\u00e7lar \u00f6zellikle \u00e7ok zay\u0131f ve ince telli sa\u00e7larda ve sa\u00e7 g\u00fcrle\u015ftirme hacim kazand\u0131rma, uzatmak amac\u0131 ile bay ve bayanlar\u0131n sa\u00e7lar\u0131 i\u00e7in uygundur.<\/p>\n\n\n\n<p>Extend Magic Mikro Sa\u00e7 Kaynak her bir sa\u00e7 tutam\u0131nda k\u0131rk tel sa\u00e7 kayna\u011f\u0131 ile d\u00fcnyadaki en ince ad\u0131n\u0131 ald\u0131\u011f\u0131 gibi mikro sa\u00e7 kaynak uygulamas\u0131 yapmaya olanak tan\u0131yan nano teknoloji ile yap\u0131lm\u0131\u015f bir mikro sa\u00e7 kaynak makinesidir.<\/p>\n\n\n\n<p>Extend Magic kaynak uygulamas\u0131 \u00f6zel bir kaynak e\u011fitimi gerektiren \u00e7ok \u00f6zel bir uygulamad\u0131r. Extend Magic ve Nanofilament \u00ae T\u00fcrkiye resmi  ithalat\u00e7\u0131s\u0131 <strong>Sach Sa\u00e7 Kaynak Merkezi<\/strong> resmi sayfas\u0131ndan <strong>Mikro Sa\u00e7 Kaynak hakk\u0131nda 444 3 671<\/strong> numaradan \u00e7a\u011fr\u0131 merkezimizi arayarak uzmanlar\u0131m\u0131zdan ayr\u0131nt\u0131l\u0131 bilgi alabilirsiniz.<\/p>\n","protected":false},"excerpt":{"rendered":"<p>Mikro Sa\u00e7 Kaynak uygulamalamas\u0131 sa\u00e7 kaynaklar\u0131 i\u00e7erisinde en rahat kullan\u0131m\u0131 olan, en sa\u011fl\u0131kl\u0131 ve kullan\u0131\u015fl\u0131 \u00e7ok k\u0131sa sa\u00e7lara dahi uygulanabilen en iyi kaynak y\u00f6\u00e7ntemidir. Elbette do\u011fru sa\u00e7 kaynak merkezinde sertifikal\u0131 uzmanlar taraf\u0131ndan yap\u0131ld\u0131\u011f\u0131 takdirde. Mikro sa\u00e7 kaynak uygulamalar\u0131 kendi i\u00e7inde 3 farkl\u0131 gruba ayr\u0131l\u0131r; Mikro Kaps\u00fcl Sa\u00e7<\/p>\n","protected":false},"author":1,"featured_media":0,"parent":0,"menu_order":0,"comment_status":"closed","ping_status":"closed","template":"","meta":{"footnotes":""},"tags":[34,17,14,20,12,9,8,7,13,11,21,4,10,3],"class_list":["post-45","page","type-page","status-publish","hentry","tag-extend-magic-mikro-sac-kaynagi","tag-keratin-sac-kaynak","tag-mikro-kapsul-sac-kaynak","tag-mikro-kaynak","tag-mikro-sac-kaynak","tag-nano-kaynak","tag-nano-sac-kaynak","tag-nanofilament-sac-kaynak","tag-organik-sac-kaynak","tag-sac-gurlestirme","tag-sac-kaynak-istanbul","tag-sac-kaynak-merkezi","tag-sac-uzatma","tag-sach"],"aioseo_notices":[],"_links":{"self":[{"href":"http:\/\/sackaynakmerkezi.net\/index.php\/wp-json\/wp\/v2\/pages\/45","targetHints":{"allow":["GET"]}}],"collection":[{"href":"http:\/\/sackaynakmerkezi.net\/index.php\/wp-json\/wp\/v2\/pages"}],"about":[{"href":"http:\/\/sackaynakmerkezi.net\/index.php\/wp-json\/wp\/v2\/types\/page"}],"author":[{"embeddable":true,"href":"http:\/\/sackaynakmerkezi.net\/index.php\/wp-json\/wp\/v2\/users\/1"}],"replies":[{"embeddable":true,"href":"http:\/\/sackaynakmerkezi.net\/index.php\/wp-json\/wp\/v2\/comments?post=45"}],"version-history":[{"count":2,"href":"http:\/\/sackaynakmerkezi.net\/index.php\/wp-json\/wp\/v2\/pages\/45\/revisions"}],"predecessor-version":[{"id":96,"href":"http:\/\/sackaynakmerkezi.net\/index.php\/wp-json\/wp\/v2\/pages\/45\/revisions\/96"}],"wp:attachment":[{"href":"http:\/\/sackaynakmerkezi.net\/index.php\/wp-json\/wp\/v2\/media?parent=45"}],"wp:term":[{"taxonomy":"post_tag","embeddable":true,"href":"http:\/\/sackaynakmerkezi.net\/index.php\/wp-json\/wp\/v2\/tags?post=45"}],"curies":[{"name":"wp","href":"https:\/\/api.w.org\/{rel}","templated":true}]}}