{"id":39,"date":"2019-07-06T09:48:46","date_gmt":"2019-07-06T06:48:46","guid":{"rendered":"http:\/\/sackaynakmerkezi.net\/?page_id=39"},"modified":"2019-07-06T09:48:46","modified_gmt":"2019-07-06T06:48:46","slug":"takma-kahkul-modelleri","status":"publish","type":"page","link":"http:\/\/sackaynakmerkezi.net\/index.php\/takma-kahkul-modelleri\/","title":{"rendered":"Takma Kahk\u00fcl Modelleri"},"content":{"rendered":"\n<p>Takma Kahk\u00fcl Modelleri<\/p>\n\n\n\n<div class=\"wp-block-image\"><figure class=\"aligncenter\"><img loading=\"lazy\" decoding=\"async\" width=\"1024\" height=\"957\" src=\"http:\/\/sackaynakmerkezi.net\/wp-content\/uploads\/2019\/07\/Clip_In_Bangs_Fringe_Human_Hair_grande1-1024x957.jpg\" alt=\"\" class=\"wp-image-40\" srcset=\"http:\/\/sackaynakmerkezi.net\/wp-content\/uploads\/2019\/07\/Clip_In_Bangs_Fringe_Human_Hair_grande1-1024x957.jpg 1024w, http:\/\/sackaynakmerkezi.net\/wp-content\/uploads\/2019\/07\/Clip_In_Bangs_Fringe_Human_Hair_grande1-300x281.jpg 300w, http:\/\/sackaynakmerkezi.net\/wp-content\/uploads\/2019\/07\/Clip_In_Bangs_Fringe_Human_Hair_grande1-768x718.jpg 768w, http:\/\/sackaynakmerkezi.net\/wp-content\/uploads\/2019\/07\/Clip_In_Bangs_Fringe_Human_Hair_grande1.jpg 1200w\" sizes=\"auto, (max-width: 1024px) 100vw, 1024px\" \/><figcaption>kahk\u00fcl<br><\/figcaption><\/figure><\/div>\n\n\n\n<p>Rengarenk sizin i\u00e7in haz\u0131r durumda takma kahk\u00fcl Modellerini bu \nsayfada bulabilirsiniz. Kendi sa\u00e7 renginize uygun olan\u0131n\u0131 bulabilir ya \nda bunlar da ger\u00e7ek insan sa\u00e7\u0131ndan oldu\u011fu i\u00e7in sa\u00e7 renginizde \nboyayabilirsiniz.<\/p>\n\n\n\n<div class=\"wp-block-image\"><figure class=\"aligncenter\"><img loading=\"lazy\" decoding=\"async\" width=\"1024\" height=\"576\" src=\"http:\/\/sackaynakmerkezi.net\/wp-content\/uploads\/2019\/07\/Takma-Kahku\u0308l-Modelleri--1024x576.jpg\" alt=\"\" class=\"wp-image-41\" srcset=\"http:\/\/sackaynakmerkezi.net\/wp-content\/uploads\/2019\/07\/Takma-Kahku\u0308l-Modelleri--1024x576.jpg 1024w, http:\/\/sackaynakmerkezi.net\/wp-content\/uploads\/2019\/07\/Takma-Kahku\u0308l-Modelleri--300x169.jpg 300w, http:\/\/sackaynakmerkezi.net\/wp-content\/uploads\/2019\/07\/Takma-Kahku\u0308l-Modelleri--768x432.jpg 768w, http:\/\/sackaynakmerkezi.net\/wp-content\/uploads\/2019\/07\/Takma-Kahku\u0308l-Modelleri-.jpg 1280w\" sizes=\"auto, (max-width: 1024px) 100vw, 1024px\" \/><figcaption>takma-kahk\u00fcl<\/figcaption><\/figure><\/div>\n\n\n\n<div class=\"wp-block-image\"><figure class=\"aligncenter\"><img loading=\"lazy\" decoding=\"async\" width=\"640\" height=\"480\" src=\"http:\/\/sackaynakmerkezi.net\/wp-content\/uploads\/2019\/07\/Takma-Kahku\u0308l-Takma-Perc\u0327em-10.jpg\" alt=\"\" class=\"wp-image-42\" srcset=\"http:\/\/sackaynakmerkezi.net\/wp-content\/uploads\/2019\/07\/Takma-Kahku\u0308l-Takma-Perc\u0327em-10.jpg 640w, http:\/\/sackaynakmerkezi.net\/wp-content\/uploads\/2019\/07\/Takma-Kahku\u0308l-Takma-Perc\u0327em-10-300x225.jpg 300w\" sizes=\"auto, (max-width: 640px) 100vw, 640px\" \/><figcaption>takma-kahk\u00fcl-modelleri<\/figcaption><\/figure><\/div>\n","protected":false},"excerpt":{"rendered":"<p>Takma Kahk\u00fcl Modelleri Rengarenk sizin i\u00e7in haz\u0131r durumda takma kahk\u00fcl Modellerini bu sayfada bulabilirsiniz. Kendi sa\u00e7 renginize uygun olan\u0131n\u0131 bulabilir ya da bunlar da ger\u00e7ek insan sa\u00e7\u0131ndan oldu\u011fu i\u00e7in sa\u00e7 renginizde boyayabilirsiniz.<\/p>\n","protected":false},"author":1,"featured_media":0,"parent":0,"menu_order":0,"comment_status":"closed","ping_status":"closed","template":"","meta":{"footnotes":""},"tags":[],"class_list":["post-39","page","type-page","status-publish","hentry"],"aioseo_notices":[],"_links":{"self":[{"href":"http:\/\/sackaynakmerkezi.net\/index.php\/wp-json\/wp\/v2\/pages\/39","targetHints":{"allow":["GET"]}}],"collection":[{"href":"http:\/\/sackaynakmerkezi.net\/index.php\/wp-json\/wp\/v2\/pages"}],"about":[{"href":"http:\/\/sackaynakmerkezi.net\/index.php\/wp-json\/wp\/v2\/types\/page"}],"author":[{"embeddable":true,"href":"http:\/\/sackaynakmerkezi.net\/index.php\/wp-json\/wp\/v2\/users\/1"}],"replies":[{"embeddable":true,"href":"http:\/\/sackaynakmerkezi.net\/index.php\/wp-json\/wp\/v2\/comments?post=39"}],"version-history":[{"count":1,"href":"http:\/\/sackaynakmerkezi.net\/index.php\/wp-json\/wp\/v2\/pages\/39\/revisions"}],"predecessor-version":[{"id":44,"href":"http:\/\/sackaynakmerkezi.net\/index.php\/wp-json\/wp\/v2\/pages\/39\/revisions\/44"}],"wp:attachment":[{"href":"http:\/\/sackaynakmerkezi.net\/index.php\/wp-json\/wp\/v2\/media?parent=39"}],"wp:term":[{"taxonomy":"post_tag","embeddable":true,"href":"http:\/\/sackaynakmerkezi.net\/index.php\/wp-json\/wp\/v2\/tags?post=39"}],"curies":[{"name":"wp","href":"https:\/\/api.w.org\/{rel}","templated":true}]}}