{"id":26,"date":"2019-07-05T16:33:59","date_gmt":"2019-07-05T13:33:59","guid":{"rendered":"http:\/\/sackaynakmerkezi.net\/?page_id=26"},"modified":"2019-08-31T16:51:24","modified_gmt":"2019-08-31T13:51:24","slug":"takma-kahkul","status":"publish","type":"page","link":"http:\/\/sackaynakmerkezi.net\/index.php\/takma-kahkul\/","title":{"rendered":"Takma Kahk\u00fcl"},"content":{"rendered":"\n<h3 class=\"wp-block-heading\"><strong>Takma Kahk\u00fcl Nas\u0131l Tak\u0131l\u0131r ?<\/strong><\/h3>\n\n\n\n<p>Kahk\u00fcl kullanmay\u0131 d\u00fc\u015f\u00fcn\u00fcyorsunuz ama sa\u00e7lar\u0131n\u0131z\u0131 kestirmekte istemiyorsunuz <strong>Takma Kahk\u00fc<\/strong>l pratik tak\u0131p \u00e7\u0131karabilece\u011finiz bir \u00e7\u0131t \u00e7\u0131t kahk\u00fcl uygulamas\u0131d\u0131r. A\u015f\u015fa\u011f\u0131daki modellerden se\u00e7ebilirsiniz.Takma Kahk\u00fclleri ba\u015f\u0131n\u0131z\u0131n \u00f6l\u00e7\u00fcs\u00fcne g\u00f6re haz\u0131rlamaktay\u0131z.<\/p>\n\n\n\n<ul class=\"wp-block-gallery columns-3 is-cropped wp-block-gallery-1 is-layout-flex wp-block-gallery-is-layout-flex\"><li class=\"blocks-gallery-item\"><figure><img loading=\"lazy\" decoding=\"async\" width=\"600\" height=\"400\" src=\"http:\/\/sackaynakmerkezi.net\/wp-content\/uploads\/2019\/07\/takma-kahku\u0308l.jpg\" alt=\"\" data-id=\"27\" data-link=\"http:\/\/sackaynakmerkezi.net\/?attachment_id=27\" class=\"wp-image-27\" srcset=\"http:\/\/sackaynakmerkezi.net\/wp-content\/uploads\/2019\/07\/takma-kahku\u0308l.jpg 600w, http:\/\/sackaynakmerkezi.net\/wp-content\/uploads\/2019\/07\/takma-kahku\u0308l-300x200.jpg 300w\" sizes=\"auto, (max-width: 600px) 100vw, 600px\" \/><\/figure><\/li><li class=\"blocks-gallery-item\"><figure><img loading=\"lazy\" decoding=\"async\" width=\"600\" height=\"400\" src=\"http:\/\/sackaynakmerkezi.net\/wp-content\/uploads\/2019\/07\/takma-kahku\u0308l-3.jpg\" alt=\"\" data-id=\"28\" data-link=\"http:\/\/sackaynakmerkezi.net\/?attachment_id=28\" class=\"wp-image-28\" srcset=\"http:\/\/sackaynakmerkezi.net\/wp-content\/uploads\/2019\/07\/takma-kahku\u0308l-3.jpg 600w, http:\/\/sackaynakmerkezi.net\/wp-content\/uploads\/2019\/07\/takma-kahku\u0308l-3-300x200.jpg 300w\" sizes=\"auto, (max-width: 600px) 100vw, 600px\" \/><\/figure><\/li><li class=\"blocks-gallery-item\"><figure><img loading=\"lazy\" decoding=\"async\" width=\"600\" height=\"400\" src=\"http:\/\/sackaynakmerkezi.net\/wp-content\/uploads\/2019\/07\/takma-kahku\u0308l-11.jpg\" alt=\"\" data-id=\"29\" data-link=\"http:\/\/sackaynakmerkezi.net\/?attachment_id=29\" class=\"wp-image-29\" srcset=\"http:\/\/sackaynakmerkezi.net\/wp-content\/uploads\/2019\/07\/takma-kahku\u0308l-11.jpg 600w, http:\/\/sackaynakmerkezi.net\/wp-content\/uploads\/2019\/07\/takma-kahku\u0308l-11-300x200.jpg 300w\" sizes=\"auto, (max-width: 600px) 100vw, 600px\" \/><\/figure><\/li><li class=\"blocks-gallery-item\"><figure><img loading=\"lazy\" decoding=\"async\" width=\"600\" height=\"400\" src=\"http:\/\/sackaynakmerkezi.net\/wp-content\/uploads\/2019\/07\/takma-kahku\u0308l-21.jpg\" alt=\"\" data-id=\"30\" data-link=\"http:\/\/sackaynakmerkezi.net\/?attachment_id=30\" class=\"wp-image-30\" srcset=\"http:\/\/sackaynakmerkezi.net\/wp-content\/uploads\/2019\/07\/takma-kahku\u0308l-21.jpg 600w, http:\/\/sackaynakmerkezi.net\/wp-content\/uploads\/2019\/07\/takma-kahku\u0308l-21-300x200.jpg 300w\" sizes=\"auto, (max-width: 600px) 100vw, 600px\" \/><\/figure><\/li><li class=\"blocks-gallery-item\"><figure><img loading=\"lazy\" decoding=\"async\" width=\"600\" height=\"400\" src=\"http:\/\/sackaynakmerkezi.net\/wp-content\/uploads\/2019\/07\/takma-kahku\u0308l-tepelik-o\u0308ncesi-2.jpg\" alt=\"\" data-id=\"31\" data-link=\"http:\/\/sackaynakmerkezi.net\/?attachment_id=31\" class=\"wp-image-31\" srcset=\"http:\/\/sackaynakmerkezi.net\/wp-content\/uploads\/2019\/07\/takma-kahku\u0308l-tepelik-o\u0308ncesi-2.jpg 600w, http:\/\/sackaynakmerkezi.net\/wp-content\/uploads\/2019\/07\/takma-kahku\u0308l-tepelik-o\u0308ncesi-2-300x200.jpg 300w\" sizes=\"auto, (max-width: 600px) 100vw, 600px\" \/><\/figure><\/li><li class=\"blocks-gallery-item\"><figure><img loading=\"lazy\" decoding=\"async\" width=\"600\" height=\"400\" src=\"http:\/\/sackaynakmerkezi.net\/wp-content\/uploads\/2019\/07\/takma-kahku\u0308l-tepelik-o\u0308ncesi-11.jpg\" alt=\"\" data-id=\"32\" data-link=\"http:\/\/sackaynakmerkezi.net\/?attachment_id=32\" class=\"wp-image-32\" srcset=\"http:\/\/sackaynakmerkezi.net\/wp-content\/uploads\/2019\/07\/takma-kahku\u0308l-tepelik-o\u0308ncesi-11.jpg 600w, http:\/\/sackaynakmerkezi.net\/wp-content\/uploads\/2019\/07\/takma-kahku\u0308l-tepelik-o\u0308ncesi-11-300x200.jpg 300w\" sizes=\"auto, (max-width: 600px) 100vw, 600px\" \/><\/figure><\/li><li class=\"blocks-gallery-item\"><figure><img loading=\"lazy\" decoding=\"async\" width=\"600\" height=\"400\" src=\"http:\/\/sackaynakmerkezi.net\/wp-content\/uploads\/2019\/07\/takma-kahku\u0308l-tepelik-sonras\u0131-1.jpg\" alt=\"\" data-id=\"33\" data-link=\"http:\/\/sackaynakmerkezi.net\/?attachment_id=33\" class=\"wp-image-33\" srcset=\"http:\/\/sackaynakmerkezi.net\/wp-content\/uploads\/2019\/07\/takma-kahku\u0308l-tepelik-sonras\u0131-1.jpg 600w, http:\/\/sackaynakmerkezi.net\/wp-content\/uploads\/2019\/07\/takma-kahku\u0308l-tepelik-sonras\u0131-1-300x200.jpg 300w\" sizes=\"auto, (max-width: 600px) 100vw, 600px\" \/><\/figure><\/li><li class=\"blocks-gallery-item\"><figure><img loading=\"lazy\" decoding=\"async\" width=\"600\" height=\"400\" src=\"http:\/\/sackaynakmerkezi.net\/wp-content\/uploads\/2019\/07\/takma-kahku\u0308l-tepelik-sonras\u0131-3.jpg\" alt=\"\" data-id=\"34\" data-link=\"http:\/\/sackaynakmerkezi.net\/?attachment_id=34\" class=\"wp-image-34\" srcset=\"http:\/\/sackaynakmerkezi.net\/wp-content\/uploads\/2019\/07\/takma-kahku\u0308l-tepelik-sonras\u0131-3.jpg 600w, http:\/\/sackaynakmerkezi.net\/wp-content\/uploads\/2019\/07\/takma-kahku\u0308l-tepelik-sonras\u0131-3-300x200.jpg 300w\" sizes=\"auto, (max-width: 600px) 100vw, 600px\" \/><\/figure><\/li><\/ul>\n","protected":false},"excerpt":{"rendered":"<p>Takma Kahk\u00fcl Nas\u0131l Tak\u0131l\u0131r ? Kahk\u00fcl kullanmay\u0131 d\u00fc\u015f\u00fcn\u00fcyorsunuz ama sa\u00e7lar\u0131n\u0131z\u0131 kestirmekte istemiyorsunuz Takma Kahk\u00fcl pratik tak\u0131p \u00e7\u0131karabilece\u011finiz bir \u00e7\u0131t \u00e7\u0131t kahk\u00fcl uygulamas\u0131d\u0131r. A\u015f\u015fa\u011f\u0131daki modellerden se\u00e7ebilirsiniz.Takma Kahk\u00fclleri ba\u015f\u0131n\u0131z\u0131n \u00f6l\u00e7\u00fcs\u00fcne g\u00f6re haz\u0131rlamaktay\u0131z.<\/p>\n","protected":false},"author":1,"featured_media":0,"parent":0,"menu_order":0,"comment_status":"closed","ping_status":"closed","template":"","meta":{"footnotes":""},"tags":[22,46,21,4,45,47],"class_list":["post-26","page","type-page","status-publish","hentry","tag-cit-cit","tag-cit-cit-kahkul","tag-sac-kaynak-istanbul","tag-sac-kaynak-merkezi","tag-takma-kahkul","tag-takma-kahkul-nasil-takilir"],"aioseo_notices":[],"_links":{"self":[{"href":"http:\/\/sackaynakmerkezi.net\/index.php\/wp-json\/wp\/v2\/pages\/26","targetHints":{"allow":["GET"]}}],"collection":[{"href":"http:\/\/sackaynakmerkezi.net\/index.php\/wp-json\/wp\/v2\/pages"}],"about":[{"href":"http:\/\/sackaynakmerkezi.net\/index.php\/wp-json\/wp\/v2\/types\/page"}],"author":[{"embeddable":true,"href":"http:\/\/sackaynakmerkezi.net\/index.php\/wp-json\/wp\/v2\/users\/1"}],"replies":[{"embeddable":true,"href":"http:\/\/sackaynakmerkezi.net\/index.php\/wp-json\/wp\/v2\/comments?post=26"}],"version-history":[{"count":2,"href":"http:\/\/sackaynakmerkezi.net\/index.php\/wp-json\/wp\/v2\/pages\/26\/revisions"}],"predecessor-version":[{"id":105,"href":"http:\/\/sackaynakmerkezi.net\/index.php\/wp-json\/wp\/v2\/pages\/26\/revisions\/105"}],"wp:attachment":[{"href":"http:\/\/sackaynakmerkezi.net\/index.php\/wp-json\/wp\/v2\/media?parent=26"}],"wp:term":[{"taxonomy":"post_tag","embeddable":true,"href":"http:\/\/sackaynakmerkezi.net\/index.php\/wp-json\/wp\/v2\/tags?post=26"}],"curies":[{"name":"wp","href":"https:\/\/api.w.org\/{rel}","templated":true}]}}