{"id":22,"date":"2019-07-05T16:25:52","date_gmt":"2019-07-05T13:25:52","guid":{"rendered":"http:\/\/sackaynakmerkezi.net\/?page_id=22"},"modified":"2019-08-31T14:39:13","modified_gmt":"2019-08-31T11:39:13","slug":"cit-cit","status":"publish","type":"page","link":"http:\/\/sackaynakmerkezi.net\/index.php\/cit-cit\/","title":{"rendered":"\u00c7\u0131t \u00c7\u0131t"},"content":{"rendered":"\n<p>\u00c7\u0131t \u00c7\u0131t Sa\u00e7lar<\/p>\n\n\n\n<p>\u00c7\u0131t \u00c7\u0131t Sa\u00e7lar \u00c7a\u011f\u0131m\u0131z\u0131n en pratik sa\u00e7 uzatma sistemlerinden birisi  olarak \u00fcn salm\u0131\u015f olan \u00c7\u0131t \u00c7\u0131t Sa\u00e7lar gerek kullan\u0131\u015f alan\u0131n\u0131n geni\u015fli\u011fi,  gerekse uygulama kolayl\u0131\u011f\u0131 \u00e7\u0131t \u00e7\u0131t sa\u00e7lar\u0131 bu kadar \u00fcnl\u00fc yapmaya yetecek  kadar iyi \u00f6zelliklere sahiptir. \u00c7\u0131t \u00c7\u0131t sa\u00e7lar Sa\u00e7 kayna\u011f\u0131n\u0131n zararl\u0131  oldu\u011funu d\u00fc\u015f\u00fcnen bir \u00e7o\u011funluk taraf\u0131ndan da tercih edilmektedir. \u00c7IT\u00c7IT Sa\u00e7 tak\u0131m halinde kullan\u0131ld\u0131\u011f\u0131 gibi tek tek par\u00e7alar halinde de kullan\u0131lmaktad\u0131r.<\/p>\n\n\n\n<p>\u00c7\u0131t \u00c7\u0131t sa\u00e7lar haz\u0131rlan\u0131rken standart olarak sekiz par\u00e7a olarak \nhaz\u0131rlanmaktad\u0131r fakat iste\u011fe g\u00f6re 2, 4, 6 10 par\u00e7a olarak ta \nkullan\u0131labilir. \u00c7\u0131t \u00e7\u0131t sa\u00e7lar D\u00fcnya standartlar\u0131nda 150gr 8 par\u00e7a \nolarak \u00fcretilmekte ve sat\u0131lmaktad\u0131r \u00e7\u0131t \u00e7\u0131t sa\u00e7 kullanacak ki\u015filerin ba\u015f\n yap\u0131s\u0131 ve sa\u00e7 g\u00fcrl\u00fc\u011f\u00fcne g\u00f6re \u00f6zel olarak istedikleri \u00f6l\u00e7i ve yo\u011funlukta\n \u00f6zel olarak haz\u0131rlamaktay\u0131z. \u00c7\u0131t \u00c7\u0131t sa\u00e7larda y\u00fczde y\u00fcz ger\u00e7ek remy \ninsan sa\u00e7\u0131 kullanmaktay\u0131z. Sach Sa\u00e7 Kaynak merkezinden sat\u0131n alaca\u011f\u0131n\u0131z \nPosti\u015f ve \u00e7\u0131t \u00e7\u0131t sa\u00e7lar boyama a\u00e7ma i\u015flemlerinde garantili olarak \nsat\u0131lmaktad\u0131r.<\/p>\n\n\n\n<h2 class=\"wp-block-heading\">\u00c7\u0131t \u00c7\u0131t Sa\u00e7 Nas\u0131l tak\u0131l\u0131r Video \u0130zle<br>\n<\/h2>\n\n\n\n<div class=\"wp-block-image\"><figure class=\"aligncenter\"><img loading=\"lazy\" decoding=\"async\" width=\"683\" height=\"1024\" src=\"http:\/\/sackaynakmerkezi.net\/wp-content\/uploads\/2019\/07\/C\u0327\u0131t-C\u0327\u0131t-Sac\u0327-Postis\u0327-Gerc\u0327ek-I\u0307nsan-Sac\u0327\u0131-683x1024-683x1024.jpg\" alt=\"\u00c7\u0131t \u00c7\u0131t Sa\u00e7\" class=\"wp-image-23\" srcset=\"http:\/\/sackaynakmerkezi.net\/wp-content\/uploads\/2019\/07\/C\u0327\u0131t-C\u0327\u0131t-Sac\u0327-Postis\u0327-Gerc\u0327ek-I\u0307nsan-Sac\u0327\u0131-683x1024.jpg 683w, http:\/\/sackaynakmerkezi.net\/wp-content\/uploads\/2019\/07\/C\u0327\u0131t-C\u0327\u0131t-Sac\u0327-Postis\u0327-Gerc\u0327ek-I\u0307nsan-Sac\u0327\u0131-683x1024-200x300.jpg 200w\" sizes=\"auto, (max-width: 683px) 100vw, 683px\" \/><figcaption>\u00c7\u0131t \u00c7\u0131t Sa\u00e7<\/figcaption><\/figure><\/div>\n","protected":false},"excerpt":{"rendered":"<p>\u00c7\u0131t \u00c7\u0131t Sa\u00e7lar \u00c7\u0131t \u00c7\u0131t Sa\u00e7lar \u00c7a\u011f\u0131m\u0131z\u0131n en pratik sa\u00e7 uzatma sistemlerinden birisi olarak \u00fcn salm\u0131\u015f olan \u00c7\u0131t \u00c7\u0131t Sa\u00e7lar gerek kullan\u0131\u015f alan\u0131n\u0131n geni\u015fli\u011fi, gerekse uygulama kolayl\u0131\u011f\u0131 \u00e7\u0131t \u00e7\u0131t sa\u00e7lar\u0131 bu kadar \u00fcnl\u00fc yapmaya yetecek kadar iyi \u00f6zelliklere sahiptir. \u00c7\u0131t \u00c7\u0131t sa\u00e7lar Sa\u00e7 kayna\u011f\u0131n\u0131n zararl\u0131 oldu\u011funu d\u00fc\u015f\u00fcnen<\/p>\n","protected":false},"author":1,"featured_media":0,"parent":0,"menu_order":0,"comment_status":"closed","ping_status":"closed","template":"","meta":{"footnotes":""},"tags":[22,23,5,13,24,25,11,21,4,10,3],"class_list":["post-22","page","type-page","status-publish","hentry","tag-cit-cit","tag-cit-cit-saclar","tag-kisa-saca-kaynak","tag-organik-sac-kaynak","tag-postis","tag-postis-saclar","tag-sac-gurlestirme","tag-sac-kaynak-istanbul","tag-sac-kaynak-merkezi","tag-sac-uzatma","tag-sach"],"aioseo_notices":[],"_links":{"self":[{"href":"http:\/\/sackaynakmerkezi.net\/index.php\/wp-json\/wp\/v2\/pages\/22","targetHints":{"allow":["GET"]}}],"collection":[{"href":"http:\/\/sackaynakmerkezi.net\/index.php\/wp-json\/wp\/v2\/pages"}],"about":[{"href":"http:\/\/sackaynakmerkezi.net\/index.php\/wp-json\/wp\/v2\/types\/page"}],"author":[{"embeddable":true,"href":"http:\/\/sackaynakmerkezi.net\/index.php\/wp-json\/wp\/v2\/users\/1"}],"replies":[{"embeddable":true,"href":"http:\/\/sackaynakmerkezi.net\/index.php\/wp-json\/wp\/v2\/comments?post=22"}],"version-history":[{"count":2,"href":"http:\/\/sackaynakmerkezi.net\/index.php\/wp-json\/wp\/v2\/pages\/22\/revisions"}],"predecessor-version":[{"id":90,"href":"http:\/\/sackaynakmerkezi.net\/index.php\/wp-json\/wp\/v2\/pages\/22\/revisions\/90"}],"wp:attachment":[{"href":"http:\/\/sackaynakmerkezi.net\/index.php\/wp-json\/wp\/v2\/media?parent=22"}],"wp:term":[{"taxonomy":"post_tag","embeddable":true,"href":"http:\/\/sackaynakmerkezi.net\/index.php\/wp-json\/wp\/v2\/tags?post=22"}],"curies":[{"name":"wp","href":"https:\/\/api.w.org\/{rel}","templated":true}]}}